{"id":12824,"date":"2026-03-27T11:12:31","date_gmt":"2026-03-27T10:12:31","guid":{"rendered":"https:\/\/www.ifit.li\/?page_id=12824"},"modified":"2026-03-27T11:21:21","modified_gmt":"2026-03-27T10:21:21","slug":"inhaltsverzeichnis","status":"publish","type":"page","link":"https:\/\/www.ifit.li\/?page_id=12824","title":{"rendered":"Inhaltsverzeichnis"},"content":{"rendered":"\n<p class=\"wp-block-paragraph\"><div class=\"wsp-container\"><h2 class=\"wsp-posts-title\">Posts by category<\/h2>\n<ul class=\"wsp-posts-list\">\n\t<li><strong class=\"wsp-category-title\">Category: <a href=\"https:\/\/www.ifit.li\/?cat=1\">Allgemein<\/a><\/strong>\n<ul class=\"wsp-posts-list\">\t\t<li class=\"wsp-post\"><a href=\"https:\/\/www.ifit.li\/?p=12862\">Die Heiligkeit des Intellekts<\/a><\/li>\n\t\t<li class=\"wsp-post\"><a href=\"https:\/\/www.ifit.li\/?p=12830\">Wallfahrt mit Kurt Kardinal Koch nach Einsiedeln<\/a><\/li>\n\t\t<li class=\"wsp-post\"><a href=\"https:\/\/www.ifit.li\/?p=12812\">Nothilfe im Libanon weiter ausgebaut<\/a><\/li>\n\t\t<li class=\"wsp-post\"><a href=\"https:\/\/www.ifit.li\/?p=12741\">Brandkatastrophe von Crans-Montana<\/a><\/li>\n\t\t<li class=\"wsp-post\"><a href=\"https:\/\/www.ifit.li\/?p=12732\">Salvifici doloris<\/a><\/li>\n\t\t<li class=\"wsp-post\"><a href=\"https:\/\/www.ifit.li\/?p=12587\">Was macht die Menschenw\u00fcrde unantastbar?<\/a><\/li>\n\t\t<li class=\"wsp-post\"><a href=\"https:\/\/www.ifit.li\/?p=12574\">Friedensaufruf f\u00fcr Gaza<\/a><\/li>\n\t\t<li class=\"wsp-post\"><a href=\"https:\/\/www.ifit.li\/?p=12471\">Erscheinung des Herrn<\/a><\/li>\n\t\t<li class=\"wsp-post\"><a href=\"https:\/\/www.ifit.li\/?p=12451\">Kontakt zwischen Christen und syrischen Machthabern<\/a><\/li>\n\t\t<li class=\"wsp-post\"><a href=\"https:\/\/www.ifit.li\/?p=12444\">Sturz des Assad-Regimes und seine Nachfolger<\/a><\/li>\n\t\t<li class=\"wsp-post\"><a href=\"https:\/\/www.ifit.li\/?p=12430\">Master Catechism \u2013 KI-gest\u00fctzte Suchmaschine<\/a><\/li>\n\t\t<li class=\"wsp-post\"><a href=\"https:\/\/www.ifit.li\/?p=12395\">Die Kirche kommt aus der Eucharistie<\/a><\/li>\n\t\t<li class=\"wsp-post\"><a href=\"https:\/\/www.ifit.li\/?p=12388\">Die Fl\u00fcchtlinge im Libanon brauchen uns!<\/a><\/li>\n\t\t<li class=\"wsp-post\"><a href=\"https:\/\/www.ifit.li\/?p=12374\">Im Ranft str\u00f6men die Charismen des Schweizer Nationalheiligen Bruder Klaus<\/a><\/li>\n\t\t<li class=\"wsp-post\"><a href=\"https:\/\/www.ifit.li\/?p=12362\">Zum Heiligen Jahr 2025 &#8211; Heiligkeit als Ziel der Theologie und des Lebens<\/a><\/li>\n\t\t<li class=\"wsp-post\"><a href=\"https:\/\/www.ifit.li\/?p=12336\">\u00abMarsch f\u00fcrs L\u00e4be\u00bb in Oerlikon<\/a><\/li>\n\t\t<li class=\"wsp-post\"><a href=\"https:\/\/www.ifit.li\/?p=12292\">Romano Guardini \u2013 Theologie des Herzens<\/a><\/li>\n\t\t<li class=\"wsp-post\"><a href=\"https:\/\/www.ifit.li\/?p=12285\">Martyrologium Romanum<\/a><\/li>\n\t\t<li class=\"wsp-post\"><a href=\"https:\/\/www.ifit.li\/?p=12247\">Benedikt XVI. \u00fcber die Sch\u00f6nheit des Glaubens<\/a><\/li>\n\t\t<li class=\"wsp-post\"><a href=\"https:\/\/www.ifit.li\/?p=12238\">Die heilige Maria Goretti<\/a><\/li>\n\t\t<li class=\"wsp-post\"><a href=\"https:\/\/www.ifit.li\/?p=12223\">Jahresbericht 2023 von Kirche in Not<\/a><\/li>\n\t\t<li class=\"wsp-post\"><a href=\"https:\/\/www.ifit.li\/?p=12176\">Geheimnis des Glaubens &#8211; Adoratio 2024<\/a><\/li>\n\t\t<li class=\"wsp-post\"><a href=\"https:\/\/www.ifit.li\/?p=12155\">Christen in Irak brauchen unsere Hilfe<\/a><\/li>\n\t\t<li class=\"wsp-post\"><a href=\"https:\/\/www.ifit.li\/?p=11836\">Christenverfolgung in der Ukraine<\/a><\/li>\n\t\t<li class=\"wsp-post\"><a href=\"https:\/\/www.ifit.li\/?p=11654\">Offenbarung der Liebe Gottes zwischen Mann und Frau<\/a><\/li>\n\t\t<li class=\"wsp-post\"><a href=\"https:\/\/www.ifit.li\/?p=11397\">Der Weg zur\u00fcck zu Gott ist die Liebe<\/a><\/li>\n\t\t<li class=\"wsp-post\"><a href=\"https:\/\/www.ifit.li\/?p=11360\">Die Herrlichkeit Gottes und der Mensch<\/a><\/li>\n\t\t<li class=\"wsp-post\"><a href=\"https:\/\/www.ifit.li\/?p=11345\">Religionsfreiheit weltweit 2023<\/a><\/li>\n\t\t<li class=\"wsp-post\"><a href=\"https:\/\/www.ifit.li\/?p=11334\">Die Frau mit den Augen Gottes sehen<\/a><\/li>\n\t\t<li class=\"wsp-post\"><a href=\"https:\/\/www.ifit.li\/?p=11328\">Die Berufung der Frau im Lichte der Dreifaltigkeit<\/a><\/li>\n\t\t<li class=\"wsp-post\"><a href=\"https:\/\/www.ifit.li\/?p=730\">Unterscheidet KI zwischen objektiver und relativer Wahrheit?<\/a><\/li>\n\t\t<li class=\"wsp-post\"><a href=\"https:\/\/www.ifit.li\/?p=10921\">Anschlag auf Pfingstgottesdienst in Nigeria noch ungekl\u00e4rt<\/a><\/li>\n\t\t<li class=\"wsp-post\"><a href=\"https:\/\/www.ifit.li\/?p=28\">Zeugung und Abtreibung wurden zur Ausgeburt kranker Hirne<\/a><\/li>\n\t\t<li class=\"wsp-post\"><a href=\"https:\/\/www.ifit.li\/?p=10880\">Was ist katholisch?<\/a><\/li>\n\t\t<li class=\"wsp-post\"><a href=\"https:\/\/www.ifit.li\/?p=10869\">Weihegebet ans Unbeflekte Herz Mariens f\u00fcr Russland und Ukraine<\/a><\/li>\n\t\t<li class=\"wsp-post\"><a href=\"https:\/\/www.ifit.li\/?p=5363\">Katholisches Ehesakrament und die besondere W\u00fcrde der Familie<\/a><\/li>\n\t\t<li class=\"wsp-post\"><a href=\"https:\/\/www.ifit.li\/?p=5278\">Ehe f\u00fcr \u00aballe\u00bb in der Schweiz: Phantasma und Denaturierung<\/a><\/li>\n\t\t<li class=\"wsp-post\"><a href=\"https:\/\/www.ifit.li\/?p=9591\">Gute Politik steht im Dienste des Friedens<\/a><\/li>\n\t\t<li class=\"wsp-post\"><a href=\"https:\/\/www.ifit.li\/?p=4302\">Welch ein Wirrwarr um einen toten Weihnachtsmann<\/a><\/li>\n\t\t<li class=\"wsp-post\"><a href=\"https:\/\/www.ifit.li\/?p=9358\">Verzweiflung und Armut treiben Christen in die Arme der Islamisten<\/a><\/li>\n\t\t<li class=\"wsp-post\"><a href=\"https:\/\/www.ifit.li\/?p=4754\">Ist der Feminismus eine Folge des Relativismus?<\/a><\/li>\n\t\t<li class=\"wsp-post\"><a href=\"https:\/\/www.ifit.li\/?p=9326\">Keine Religionsfreiheit f\u00fcr f\u00fcnf Milliarden Menschen<\/a><\/li>\n\t\t<li class=\"wsp-post\"><a href=\"https:\/\/www.ifit.li\/?p=9237\">Kommt es zum Gipfel zwischen Papst Franziskus und Kim Jong-un?<\/a><\/li>\n\t\t<li class=\"wsp-post\"><a href=\"https:\/\/www.ifit.li\/?p=9171\">Kirgistan, ein Land, wo Ordensleute ihr Einkommen mit den Gl\u00e4ubigen teilen<\/a><\/li>\n\t\t<li class=\"wsp-post\"><a href=\"https:\/\/www.ifit.li\/?p=9130\">Klarer Kurs, katholischer Journalismus von 1948 &#8211; 2018<\/a><\/li>\n\t\t<li class=\"wsp-post\"><a href=\"https:\/\/www.ifit.li\/?p=8494\">\u00d6ffnung der Ehe ist Phantasma und widerspricht ihrer Wesenheit<\/a><\/li>\n\t\t<li class=\"wsp-post\"><a href=\"https:\/\/www.ifit.li\/?p=8428\">Pater Werenfried: Br\u00fcckenbauer und Vers\u00f6hnungstifter<\/a><\/li>\n\t\t<li class=\"wsp-post\"><a href=\"https:\/\/www.ifit.li\/?p=11857\">Predigt zum Christk\u00f6nigsfest von Papst Benedikt XVI.<\/a><\/li>\n<\/ul><\/li>\n\t<li><strong class=\"wsp-category-title\">Category: <a href=\"https:\/\/www.ifit.li\/?cat=2\">Informatik<\/a><\/strong>\n<ul class=\"wsp-posts-list\">\t\t<li class=\"wsp-post\"><a href=\"https:\/\/www.ifit.li\/?p=8348\">Krieg der Schlagw\u00f6rter &#8211; bleibt die Wahrheit aussen vor?<\/a><\/li>\n<\/ul><\/li>\n\t<li><strong class=\"wsp-category-title\">Category: <a href=\"https:\/\/www.ifit.li\/?cat=219\">Katholische Kirche<\/a><\/strong>\n<ul class=\"wsp-posts-list\">\t\t<li class=\"wsp-post\"><a href=\"https:\/\/www.ifit.li\/?p=12511\">Der Sinn f\u00fcr das Heilige<\/a><\/li>\n\t\t<li class=\"wsp-post\"><a href=\"https:\/\/www.ifit.li\/?p=12485\">Katholische Kirche in Bulgarien: klein und arm<\/a><\/li>\n\t\t<li class=\"wsp-post\"><a href=\"https:\/\/www.ifit.li\/?p=17\">Ehrenkodex f\u00fcr Journalisten<\/a><\/li>\n<\/ul><\/li>\n\t<li><strong class=\"wsp-category-title\">Category: <a href=\"https:\/\/www.ifit.li\/?cat=3\">Kirche<\/a><\/strong>\n<ul class=\"wsp-posts-list\">\t\t<li class=\"wsp-post\"><a href=\"https:\/\/www.ifit.li\/?p=11935\">Fest der hl. Familie<\/a><\/li>\n\t\t<li class=\"wsp-post\"><a href=\"https:\/\/www.ifit.li\/?p=11428\">Die bleibende Bedeutung von Benedikt XVI.<\/a><\/li>\n\t\t<li class=\"wsp-post\"><a href=\"https:\/\/www.ifit.li\/?p=10955\">Katechesenreihe von Papst Franziskus \u00fcber die Unterscheidung der Geister<\/a><\/li>\n\t\t<li class=\"wsp-post\"><a href=\"https:\/\/www.ifit.li\/?p=10831\">Gedenkgottesdienst f\u00fcr verfolgte Christen<\/a><\/li>\n\t\t<li class=\"wsp-post\"><a href=\"https:\/\/www.ifit.li\/?p=5146\">\u00abMarsch f\u00fcrs L\u00e4be\u00bb als Bekenntnis durch Z\u00fcrich<\/a><\/li>\n\t\t<li class=\"wsp-post\"><a href=\"https:\/\/www.ifit.li\/?p=5225\">Unsicherheit in wichtigen Fragen unseres Lebens<\/a><\/li>\n\t\t<li class=\"wsp-post\"><a href=\"https:\/\/www.ifit.li\/?p=10792\">In 2020 hohe Spenden f\u00fcr bedr\u00e4ngte Christen<\/a><\/li>\n\t\t<li class=\"wsp-post\"><a href=\"https:\/\/www.ifit.li\/?p=5201\">Das Zeugnis des Hl. Geistes und das der J\u00fcnger fliessen zusammen<\/a><\/li>\n\t\t<li class=\"wsp-post\"><a href=\"https:\/\/www.ifit.li\/?p=5190\">Resilienzfaktor Spiritualit\u00e4t &#8211; Macht uns der Glaube krisenfest?<\/a><\/li>\n\t\t<li class=\"wsp-post\"><a href=\"https:\/\/www.ifit.li\/?p=10778\">Die wachsende Bedrohung der Religionsfreiheit<\/a><\/li>\n\t\t<li class=\"wsp-post\"><a href=\"https:\/\/www.ifit.li\/?p=5168\">300 Jahre gl\u00e4ubige und ungl\u00e4ubige Theologie<\/a><\/li>\n\t\t<li class=\"wsp-post\"><a href=\"https:\/\/www.ifit.li\/?p=10687\">EU-Land Bulgarien mit armer katholischer Minderheit<\/a><\/li>\n\t\t<li class=\"wsp-post\"><a href=\"https:\/\/www.ifit.li\/?p=5083\">Querida Amazonia<\/a><\/li>\n\t\t<li class=\"wsp-post\"><a href=\"https:\/\/www.ifit.li\/?p=10669\">\u00c4gypten \u2013 ein hei\u00dfes Pflaster im Nahen Osten<\/a><\/li>\n\t\t<li class=\"wsp-post\"><a href=\"https:\/\/www.ifit.li\/?p=5027\">Ist der \u00abProtestantismus 2.0\u00bb schon geboren?<\/a><\/li>\n\t\t<li class=\"wsp-post\"><a href=\"https:\/\/www.ifit.li\/?p=10622\">Es ist die Stunde der Klarheit und der Konsequenzen!<\/a><\/li>\n\t\t<li class=\"wsp-post\"><a href=\"https:\/\/www.ifit.li\/?p=5010\">Es ist die Stunde der Klarheit und der Konsequenzen!<\/a><\/li>\n\t\t<li class=\"wsp-post\"><a href=\"https:\/\/www.ifit.li\/?p=10602\">Kollekte f\u00fcr Projekt \u00abEin Tropfen Milch\u00bb in Aleppo<\/a><\/li>\n\t\t<li class=\"wsp-post\"><a href=\"https:\/\/www.ifit.li\/?p=4997\">Aus der Tiefe des Herzens \u2013 Das katholische Priestertum<\/a><\/li>\n\t\t<li class=\"wsp-post\"><a href=\"https:\/\/www.ifit.li\/?p=4958\">Amtstr\u00e4ger in der Kirche wollen Relativismus, Protestantismus und \u00abeine andere Kirche\u00bb<\/a><\/li>\n\t\t<li class=\"wsp-post\"><a href=\"https:\/\/www.ifit.li\/?p=4920\">Parlamentsgesetz widerspricht Gesetz Gottes und seiner heiligen Kirche<\/a><\/li>\n\t\t<li class=\"wsp-post\"><a href=\"https:\/\/www.ifit.li\/?p=4868\">Total orientierungslos im Chaos der Gef\u00fchle und Gedanken<\/a><\/li>\n\t\t<li class=\"wsp-post\"><a href=\"https:\/\/www.ifit.li\/?p=4851\">Jesus vor Pilatus: \u201eMein Reich ist nicht von dieser Welt. &#8230;\u201c (Joh 18, 36)<\/a><\/li>\n\t\t<li class=\"wsp-post\"><a href=\"https:\/\/www.ifit.li\/?p=4839\">Bezweckte Amazonas Synode Ver\u00e4nderung des Glaubens und der Kirche?<\/a><\/li>\n\t\t<li class=\"wsp-post\"><a href=\"https:\/\/www.ifit.li\/?p=10553\">IS-Terroristen drohten Weihbischof Warduni zu entf\u00fchren und zu t\u00f6ten<\/a><\/li>\n\t\t<li class=\"wsp-post\"><a href=\"https:\/\/www.ifit.li\/?p=4808\">Papst Franziskus und sein Schweigen zu Synoden<\/a><\/li>\n\t\t<li class=\"wsp-post\"><a href=\"https:\/\/www.ifit.li\/?p=10537\">13. Nationaler Gedenktag f\u00fcr weltweit bedr\u00e4ngte und verfolgte Christen<\/a><\/li>\n\t\t<li class=\"wsp-post\"><a href=\"https:\/\/www.ifit.li\/?p=10525\">Steht Ausl\u00f6schung des Christentums in Ursprungsregion bevor?<\/a><\/li>\n\t\t<li class=\"wsp-post\"><a href=\"https:\/\/www.ifit.li\/?p=10499\">Der Norden Nigerias steht unter der Scharia<\/a><\/li>\n\t\t<li class=\"wsp-post\"><a href=\"https:\/\/www.ifit.li\/?p=10479\">Au\u00dferordentlicher Monat der Weltmission 2019<\/a><\/li>\n\t\t<li class=\"wsp-post\"><a href=\"https:\/\/www.ifit.li\/?p=10462\">500 Jahre Christentum in Bangladesch mit vielen M\u00e4rtyrern<\/a><\/li>\n\t\t<li class=\"wsp-post\"><a href=\"https:\/\/www.ifit.li\/?p=240\">Papst Franziskus und Gerhard Ludwig Kardinal M\u00fcller<\/a><\/li>\n\t\t<li class=\"wsp-post\"><a href=\"https:\/\/www.ifit.li\/?p=10391\">Seit Jahren unertr\u00e4gliche Gewalt, Hunger und Krieg im Sudan<\/a><\/li>\n\t\t<li class=\"wsp-post\"><a href=\"https:\/\/www.ifit.li\/?p=10378\">Hilfe f\u00fcr Orientierungs- und Haltlosigkeit sowie Gewalt in der Familie<\/a><\/li>\n\t\t<li class=\"wsp-post\"><a href=\"https:\/\/www.ifit.li\/?p=10359\">Glaube und Opfer grossz\u00fcgiger Wohlt\u00e4ter weltweit versetzen Berge<\/a><\/li>\n\t\t<li class=\"wsp-post\"><a href=\"https:\/\/www.ifit.li\/?p=10349\">Zerrissenes Nigeria &#8211; reich an Sch\u00e4tzen und arm durch Terror<\/a><\/li>\n\t\t<li class=\"wsp-post\"><a href=\"https:\/\/www.ifit.li\/?p=10335\">Kamerun in Zentralafrika ist sehr trocken und extrem arm<\/a><\/li>\n\t\t<li class=\"wsp-post\"><a href=\"https:\/\/www.ifit.li\/?p=10317\">Grosses Interesse an Spiritualit\u00e4t und geistlichen Werten in Lettland<\/a><\/li>\n\t\t<li class=\"wsp-post\"><a href=\"https:\/\/www.ifit.li\/?p=227\">Wenn Begriffe unter den Hammer des Relativismus geraten<\/a><\/li>\n\t\t<li class=\"wsp-post\"><a href=\"https:\/\/www.ifit.li\/?p=4123\">Franziskaner Klosterfest in Bludenz<\/a><\/li>\n\t\t<li class=\"wsp-post\"><a href=\"https:\/\/www.ifit.li\/?p=10301\">Hilfe gegen Trostlosigkeit. Armut, Alkohol und Prostitution<\/a><\/li>\n\t\t<li class=\"wsp-post\"><a href=\"https:\/\/www.ifit.li\/?p=10292\">Path to Peace Award 2019 f\u00fcr \u00abKirche in Not (ACN)\u00bb<\/a><\/li>\n\t\t<li class=\"wsp-post\"><a href=\"https:\/\/www.ifit.li\/?p=10274\">Im Kampf gegen Armut, Korruption und f\u00fcr soziale Gerechtigkeit<\/a><\/li>\n\t\t<li class=\"wsp-post\"><a href=\"https:\/\/www.ifit.li\/?p=9432\">Katechesen von Papst Franziskus \u00fcber das Vater unser<\/a><\/li>\n\t\t<li class=\"wsp-post\"><a href=\"https:\/\/www.ifit.li\/?p=210\">Apostolisches Schreiben \u00abOrdinatio sacerdotalis\u00bb<\/a><\/li>\n\t\t<li class=\"wsp-post\"><a href=\"https:\/\/www.ifit.li\/?p=200\">Wer den Tempel Gottes verdirbt, den wird Gott verderben<\/a><\/li>\n\t\t<li class=\"wsp-post\"><a href=\"https:\/\/www.ifit.li\/?p=10051\">Christenverfolgung: grenzenlos, pausenlos und erbarmungslos<\/a><\/li>\n\t\t<li class=\"wsp-post\"><a href=\"https:\/\/www.ifit.li\/?p=10033\">Meuchelmord: vors\u00e4tzliche, heimliche, hinterh\u00e4ltige T\u00f6tung von Menschen<\/a><\/li>\n\t\t<li class=\"wsp-post\"><a href=\"https:\/\/www.ifit.li\/?p=10001\">Gender-Ideologie: Das Unkraut unter dem Weizen!<\/a><\/li>\n\t\t<li class=\"wsp-post\"><a href=\"https:\/\/www.ifit.li\/?p=9981\">Terrormiliz erkl\u00e4rt christlichen Kopten den Krieg<\/a><\/li>\n\t\t<li class=\"wsp-post\"><a href=\"https:\/\/www.ifit.li\/?p=9953\">Die unheimliche Verwandlung eines Lamborghinis<\/a><\/li>\n\t\t<li class=\"wsp-post\"><a href=\"https:\/\/www.ifit.li\/?p=9928\">Immer mehr Christen verlassen den Nahen Osten<\/a><\/li>\n\t\t<li class=\"wsp-post\"><a href=\"https:\/\/www.ifit.li\/?p=9905\">Wiederaufbau christlicher H\u00e4user im syrischen Homs<\/a><\/li>\n\t\t<li class=\"wsp-post\"><a href=\"https:\/\/www.ifit.li\/?p=9792\">Jesus Christus ist Sieger \u00fcber S\u00fcnde und Tod und \u00fcber den Relativismus!<\/a><\/li>\n\t\t<li class=\"wsp-post\"><a href=\"https:\/\/www.ifit.li\/?p=9734\">Familien im EU-Land Bulgarien in grosser Armut<\/a><\/li>\n\t\t<li class=\"wsp-post\"><a href=\"https:\/\/www.ifit.li\/?p=9698\">Freispruch von der Todesstrafe wegen angeblicher Gottesl\u00e4sterung<\/a><\/li>\n\t\t<li class=\"wsp-post\"><a href=\"https:\/\/www.ifit.li\/?p=9660\">Den Christen in Syrien beim \u00dcbertritt in den Alltag beistehen<\/a><\/li>\n\t\t<li class=\"wsp-post\"><a href=\"https:\/\/www.ifit.li\/?p=9644\">Macht um jeden Preis ist moralisch inakzeptabel<\/a><\/li>\n\t\t<li class=\"wsp-post\"><a href=\"https:\/\/www.ifit.li\/?p=1\">Benedikt XVI. \u00fcber die Kirche und den Skandal des sexuellen Missbrauchs<\/a><\/li>\n\t\t<li class=\"wsp-post\"><a href=\"https:\/\/www.ifit.li\/?p=4323\">Gute Politik steht im Dienste des Friedens<\/a><\/li>\n\t\t<li class=\"wsp-post\"><a href=\"https:\/\/www.ifit.li\/?p=9576\">Vater sieht Tochter als echte J\u00fcngerin Jesu<\/a><\/li>\n\t\t<li class=\"wsp-post\"><a href=\"https:\/\/www.ifit.li\/?p=9037\">Katechesen von Papst Franziskus \u00fcber die Zehn Gebote<\/a><\/li>\n\t\t<li class=\"wsp-post\"><a href=\"https:\/\/www.ifit.li\/?p=9293\">Das Christentum ist seit der Entstehungszeit in Syrien pr\u00e4sent<\/a><\/li>\n\t\t<li class=\"wsp-post\"><a href=\"https:\/\/www.ifit.li\/?p=9257\">12. Nationaler Gedenktag f\u00fcr bedr\u00e4ngte und verfolgte Christen weltweit<\/a><\/li>\n\t\t<li class=\"wsp-post\"><a href=\"https:\/\/www.ifit.li\/?p=9203\">Christen in \u00c4gypten wurden Opfer wegen ihres Glaubens<\/a><\/li>\n\t\t<li class=\"wsp-post\"><a href=\"https:\/\/www.ifit.li\/?p=9146\">Was bedeutet ein Versprechen?<\/a><\/li>\n\t\t<li class=\"wsp-post\"><a href=\"https:\/\/www.ifit.li\/?p=9096\">In l\u00e4ndlichen Regionen Kenias herrscht immer noch Armut<\/a><\/li>\n\t\t<li class=\"wsp-post\"><a href=\"https:\/\/www.ifit.li\/?p=9083\">Der Friede liesse Fl\u00fcchtlinge in S\u00fcdsudan zur\u00fcckkehren<\/a><\/li>\n\t\t<li class=\"wsp-post\"><a href=\"https:\/\/www.ifit.li\/?p=9070\">Konflikt zwischen braven Bauern und militanten Viehhirten<\/a><\/li>\n\t\t<li class=\"wsp-post\"><a href=\"https:\/\/www.ifit.li\/?p=9030\">Beeindruckende Standfestigkeit der Christen in Syrien<\/a><\/li>\n\t\t<li class=\"wsp-post\"><a href=\"https:\/\/www.ifit.li\/?p=8706\">Katechesen von Papst Franziskus \u00fcber Taufe und Firmung<\/a><\/li>\n\t\t<li class=\"wsp-post\"><a href=\"https:\/\/www.ifit.li\/?p=8981\">Viele Rum\u00e4nen bezeugten den Glauben mit ihrem Blut<\/a><\/li>\n\t\t<li class=\"wsp-post\"><a href=\"https:\/\/www.ifit.li\/?p=8954\">Kirche wo Armut, Alkohol und Prostitution zum Alltag geh\u00f6ren<\/a><\/li>\n\t\t<li class=\"wsp-post\"><a href=\"https:\/\/www.ifit.li\/?p=8936\">200 Millionen Christen werden weltweit verfolgt!<\/a><\/li>\n\t\t<li class=\"wsp-post\"><a href=\"https:\/\/www.ifit.li\/?p=8715\">Glaube, Tatkraft, heitere Gelassenheit und Gottvertrauen<\/a><\/li>\n\t\t<li class=\"wsp-post\"><a href=\"https:\/\/www.ifit.li\/?p=8681\">Kleine christliche Herde in grosser islamischen Republik<\/a><\/li>\n\t\t<li class=\"wsp-post\"><a href=\"https:\/\/www.ifit.li\/?p=8673\">\u00dcber den Ruf zur Heiligkeit in der Welt von heute<\/a><\/li>\n\t\t<li class=\"wsp-post\"><a href=\"https:\/\/www.ifit.li\/?p=8146\">Katechesen von Papst Franziskus \u00fcber die Eucharistie<\/a><\/li>\n\t\t<li class=\"wsp-post\"><a href=\"https:\/\/www.ifit.li\/?p=8632\">Sieben Jahre Krieg in Syrien und kein Ende<\/a><\/li>\n\t\t<li class=\"wsp-post\"><a href=\"https:\/\/www.ifit.li\/?p=8620\">Pater Hans Buob \u00fcber das Wirken des Heiligen Geistes<\/a><\/li>\n\t\t<li class=\"wsp-post\"><a href=\"https:\/\/www.ifit.li\/?p=7605\">Der Geist, der in euch wohnt<\/a><\/li>\n\t\t<li class=\"wsp-post\"><a href=\"https:\/\/www.ifit.li\/?p=8576\">Die Gabe der Unterscheidung der Geister<\/a><\/li>\n\t\t<li class=\"wsp-post\"><a href=\"https:\/\/www.ifit.li\/?p=8475\">Seid die Apostel des neuen Jahrtausends!<\/a><\/li>\n\t\t<li class=\"wsp-post\"><a href=\"https:\/\/www.ifit.li\/?p=8461\">Die Botschaft von Papst Franziskus ans WEF 2018<\/a><\/li>\n\t\t<li class=\"wsp-post\"><a href=\"https:\/\/www.ifit.li\/?p=8412\">Wiederaufbau christlicher St\u00e4dte in der Ninive-Ebene Iraks<\/a><\/li>\n\t\t<li class=\"wsp-post\"><a href=\"https:\/\/www.ifit.li\/?p=4383\">Warten aufs Ende der Dunkelheit und das Morgenrot der Hoffnung<\/a><\/li>\n\t\t<li class=\"wsp-post\"><a href=\"https:\/\/www.ifit.li\/?p=4377\">Geschenk an Papst wird zu einem guten Zweck versteigert<\/a><\/li>\n\t\t<li class=\"wsp-post\"><a href=\"https:\/\/www.ifit.li\/?p=4942\">Abtreibung l\u00f6st kein Problem, t\u00f6tet ein Kind, zerst\u00f6rt die Frau, blendet das Gewissen des Vaters<\/a><\/li>\n\t<li><strong class=\"wsp-category-title\">Category: <a href=\"https:\/\/www.ifit.li\/?cat=21\">Advent<\/a><\/strong>\n<ul class=\"wsp-posts-list\">\t\t<li class=\"wsp-post\"><a href=\"https:\/\/www.ifit.li\/?p=11890\">Fiducia supplicans<\/a><\/li>\n\t\t<li class=\"wsp-post\"><a href=\"https:\/\/www.ifit.li\/?p=11873\">Kath. Priester nach Sonntagsmesse f\u00fcr ein Jahr in Mali entf\u00fchrt<\/a><\/li>\n\t\t<li class=\"wsp-post\"><a href=\"https:\/\/www.ifit.li\/?p=11781\">Ich glaube an Gott den Heiligen Geist, die heilige katholische Kirche<\/a><\/li>\n\t\t<li class=\"wsp-post\"><a href=\"https:\/\/www.ifit.li\/?p=9520\">Weihnachten in Syrien trotz Schmerz und Tod<\/a><\/li>\n\t\t<li class=\"wsp-post\"><a href=\"https:\/\/www.ifit.li\/?p=9412\">Das Schicksal der Christen in Nigeria nicht ignorieren<\/a><\/li>\n<\/ul><\/li>\n\t<li><strong class=\"wsp-category-title\">Category: <a href=\"https:\/\/www.ifit.li\/?cat=182\">Apostelgeschichte<\/a><\/strong>\n<ul class=\"wsp-posts-list\">\t\t<li class=\"wsp-post\"><a href=\"https:\/\/www.ifit.li\/?p=12080\">Sch\u00f6nheit, Anspruch und Krise des Priestertums<\/a><\/li>\n\t\t<li class=\"wsp-post\"><a href=\"https:\/\/www.ifit.li\/?p=11955\">Gedenkgottesdienst f\u00fcr verfolgte Christen<\/a><\/li>\n\t\t<li class=\"wsp-post\"><a href=\"https:\/\/www.ifit.li\/?p=11301\">Frauen im Christentum<\/a><\/li>\n\t\t<li class=\"wsp-post\"><a href=\"https:\/\/www.ifit.li\/?p=11295\">Das innere Leiden Christi, Teil 4<\/a><\/li>\n\t\t<li class=\"wsp-post\"><a href=\"https:\/\/www.ifit.li\/?p=11291\">Das innere Leiden Christi, Teil 3<\/a><\/li>\n\t\t<li class=\"wsp-post\"><a href=\"https:\/\/www.ifit.li\/?p=11287\">Das innere Leiden Christi, Teil 2<\/a><\/li>\n\t\t<li class=\"wsp-post\"><a href=\"https:\/\/www.ifit.li\/?p=11279\">Das innere Leiden Christi, Teil 1<\/a><\/li>\n\t\t<li class=\"wsp-post\"><a href=\"https:\/\/www.ifit.li\/?p=11259\">\u00abSEID DIE APOSTEL DES NEUEN JAHRTAUSENDS!\u00bb<\/a><\/li>\n\t\t<li class=\"wsp-post\"><a href=\"https:\/\/www.ifit.li\/?p=10405\">Katechesen von Papst Franziskus zur Apostelgeschichte<\/a><\/li>\n<\/ul><\/li>\n\t<li><strong class=\"wsp-category-title\">Category: <a href=\"https:\/\/www.ifit.li\/?cat=49\">Barmherzigkeit<\/a><\/strong>\n<ul class=\"wsp-posts-list\">\t\t<li class=\"wsp-post\"><a href=\"https:\/\/www.ifit.li\/?p=12699\">Die unheimliche Trag\u00f6die der Christen in Mali, Burkina Faso und Niger<\/a><\/li>\n\t\t<li class=\"wsp-post\"><a href=\"https:\/\/www.ifit.li\/?p=12003\">Botschaften f\u00fcr Fastenzeit, Karwoche, Ostern und Pfingsten 2024<\/a><\/li>\n\t\t<li class=\"wsp-post\"><a href=\"https:\/\/www.ifit.li\/?p=12020\">Assistent von \u00abKirche in Not\u00bb in Liechtenstein<\/a><\/li>\n\t\t<li class=\"wsp-post\"><a href=\"https:\/\/www.ifit.li\/?p=11711\">Ihre Gebete und Spenden bewirken Gutes und schenken vielen Menschen Hoffnung<\/a><\/li>\n\t\t<li class=\"wsp-post\"><a href=\"https:\/\/www.ifit.li\/?p=11385\">\u00abBrennen f\u00fcr das Reich Gottes\u00bb<\/a><\/li>\n\t\t<li class=\"wsp-post\"><a href=\"https:\/\/www.ifit.li\/?p=11136\">Die Kirche in Nicaragua zum Schweigen bringen<\/a><\/li>\n\t\t<li class=\"wsp-post\"><a href=\"https:\/\/www.ifit.li\/?p=11093\">Gedenkgottesdienst f\u00fcr verfolgte und bedr\u00e4ngte Christen<\/a><\/li>\n\t\t<li class=\"wsp-post\"><a href=\"https:\/\/www.ifit.li\/?p=10692\">Kuba: \u00abDie Familien brechen auseinander\u00bb<\/a><\/li>\n\t\t<li class=\"wsp-post\"><a href=\"https:\/\/www.ifit.li\/?p=10451\">Wanderausstellung \u00abVerfolgte Christen\u00bb<\/a><\/li>\n<\/ul><\/li>\n\t<li><strong class=\"wsp-category-title\">Category: <a href=\"https:\/\/www.ifit.li\/?cat=39\">Fastenzeit<\/a><\/strong>\n<ul class=\"wsp-posts-list\">\t\t<li class=\"wsp-post\"><a href=\"https:\/\/www.ifit.li\/?p=12767\">Kirchenrecht Can. 767\u2013\u00a7 1<\/a><\/li>\n\t\t<li class=\"wsp-post\"><a href=\"https:\/\/www.ifit.li\/?p=10713\">\u00abZur\u00fcck zu den Wurzeln\u00bb in der irakischen Ninive-Ebene<\/a><\/li>\n\t\t<li class=\"wsp-post\"><a href=\"https:\/\/www.ifit.li\/?p=8540\">\u00d6ffentliche Bekundung des christlichen Glaubens ist zur Straftat geworden<\/a><\/li>\n\t\t<li class=\"wsp-post\"><a href=\"https:\/\/www.ifit.li\/?p=8529\">Weil die Gesetzlosigkeit \u00fcberhandnimmt, wird die Liebe bei vielen erkalten<\/a><\/li>\n<\/ul><\/li>\n\t<li><strong class=\"wsp-category-title\">Category: <a href=\"https:\/\/www.ifit.li\/?cat=57\">Jahr des Glaubens<\/a><\/strong>\n<ul class=\"wsp-posts-list\">\t\t<li class=\"wsp-post\"><a href=\"https:\/\/www.ifit.li\/?p=11500\">Synode \u00fcber die Synodalit\u00e4t<\/a><\/li>\n<\/ul><\/li>\n\t<li><strong class=\"wsp-category-title\">Category: <a href=\"https:\/\/www.ifit.li\/?cat=45\">Unterscheidung der Geister<\/a><\/strong>\n<\/li>\n\t<li><strong class=\"wsp-category-title\">Category: <a href=\"https:\/\/www.ifit.li\/?cat=23\">Weihnachten<\/a><\/strong>\n<\/li>\n<\/ul><\/li>\n\t<li><strong class=\"wsp-category-title\">Category: <a href=\"https:\/\/www.ifit.li\/?cat=4\">Kultur und Gesellschaft<\/a><\/strong>\n<\/li>\n\t<li><strong class=\"wsp-category-title\">Category: <a href=\"https:\/\/www.ifit.li\/?cat=202\">Kunst<\/a><\/strong>\n<\/li>\n\t<li><strong class=\"wsp-category-title\">Category: <a href=\"https:\/\/www.ifit.li\/?cat=221\">Liturgie<\/a><\/strong>\n<\/li>\n\t<li><strong class=\"wsp-category-title\">Category: <a href=\"https:\/\/www.ifit.li\/?cat=178\">Sophismus<\/a><\/strong>\n<\/li>\n\t<li><strong class=\"wsp-category-title\">Category: <a href=\"https:\/\/www.ifit.li\/?cat=177\">Thomismus<\/a><\/strong>\n<\/li>\n\t<li><strong class=\"wsp-category-title\">Category: <a href=\"https:\/\/www.ifit.li\/?cat=22\">Wissenschaft und Ethik<\/a><\/strong>\n<\/li>\n<\/ul>\n<\/div><\/p>\n","protected":false},"excerpt":{"rendered":"","protected":false},"author":1,"featured_media":0,"parent":0,"menu_order":0,"comment_status":"closed","ping_status":"closed","template":"","meta":{"_crdt_document":"","footnotes":""},"class_list":["post-12824","page","type-page","status-publish","hentry","entry"],"_links":{"self":[{"href":"https:\/\/www.ifit.li\/index.php?rest_route=\/wp\/v2\/pages\/12824","targetHints":{"allow":["GET"]}}],"collection":[{"href":"https:\/\/www.ifit.li\/index.php?rest_route=\/wp\/v2\/pages"}],"about":[{"href":"https:\/\/www.ifit.li\/index.php?rest_route=\/wp\/v2\/types\/page"}],"author":[{"embeddable":true,"href":"https:\/\/www.ifit.li\/index.php?rest_route=\/wp\/v2\/users\/1"}],"replies":[{"embeddable":true,"href":"https:\/\/www.ifit.li\/index.php?rest_route=%2Fwp%2Fv2%2Fcomments&post=12824"}],"version-history":[{"count":1,"href":"https:\/\/www.ifit.li\/index.php?rest_route=\/wp\/v2\/pages\/12824\/revisions"}],"predecessor-version":[{"id":12826,"href":"https:\/\/www.ifit.li\/index.php?rest_route=\/wp\/v2\/pages\/12824\/revisions\/12826"}],"wp:attachment":[{"href":"https:\/\/www.ifit.li\/index.php?rest_route=%2Fwp%2Fv2%2Fmedia&parent=12824"}],"curies":[{"name":"wp","href":"https:\/\/api.w.org\/{rel}","templated":true}]}}