{"id":12169,"date":"2024-06-05T12:06:39","date_gmt":"2024-06-05T10:06:39","guid":{"rendered":"https:\/\/www.ifit.li\/?page_id=12169"},"modified":"2024-06-16T14:52:48","modified_gmt":"2024-06-16T12:52:48","slug":"datenschutzerklaerung","status":"publish","type":"page","link":"https:\/\/www.ifit.li\/?page_id=12169","title":{"rendered":"Datenschutzerkl\u00e4rung"},"content":{"rendered":"\n\n\n<p class=\"wp-block-paragraph\">Datenschutzerkl\u00e4rung von <a href=\"http:\/\/www.ifit.li\" target=\"_blank\" rel=\"noreferrer noopener\">www.ifit.li<\/a><\/p>\n\n\n\n<p class=\"wp-block-paragraph\">Diese Website erhebt personenbezogene Daten von ihren Nutzern.<\/p>\n\n\n\n<p class=\"wp-block-paragraph\">Nutzer k\u00f6nnen unterschiedlichen Schutzstandards unterliegen, sodass f\u00fcr einige von ihnen umfassendere Standards anwendbar sein k\u00f6nnen. Nutzer k\u00f6nnen sich an den Anbieter wenden, um N\u00e4heres \u00fcber diese Standards zu erfahren.<\/p>\n\n\n\n<p class=\"wp-block-paragraph\">Dieses Dokument enth\u00e4lt <a href=\"https:\/\/www.iubenda.com\/privacy-policy\/11890839\/legal?an=no&amp;s_ck=false&amp;newmarkup=yes&amp;ifr=true&amp;height=365#cookie_policy_further_information\">einen Abschnitt \u00fcber die Nutzer in der Europ\u00e4ischen Union und ihre Datenschutzrechte<\/a>.<\/p>\n\n\n\n<p class=\"wp-block-paragraph\">Dieses Dokument enth\u00e4lt <a href=\"https:\/\/www.iubenda.com\/privacy-policy\/11890839\/legal?an=no&amp;s_ck=false&amp;newmarkup=yes&amp;ifr=true&amp;height=365#fadp_info\">einen Abschnitt, der den Nutzern in der Schweiz und ihren Datenschutzrechten gewidmet ist<\/a>.<\/p>\n\n\n\n<p class=\"wp-block-paragraph\">Dieses Dokument kann zu Zwecken der Aufbewahrung \u00fcber den Befehl \u201eDrucken\u201c im Browser ausgedruckt werden.<\/p>\n\n\n\n<h2 class=\"wp-block-heading\" id=\"owner_of_the_data\">Anbieter und Verantwortlicher<\/h2>\n\n\n\n<p class=\"wp-block-paragraph\">Institute for Internet Technology<br>Louis A. Venetz<br>Oberdierikonerstrasse 7<br>CH-6030 Ebikon<br>Tel. +41 41 442 00 00<br>Fax +41 41 442 00 01<\/p>\n\n\n\n<p class=\"wp-block-paragraph\"><strong>E-Mail-Adresse des Anbieters:<\/strong> lavenetz@hispeed.ch<\/p>\n\n\n\n<h2 class=\"wp-block-heading\" id=\"types_of_data\">Arten der erhobenen Daten<\/h2>\n\n\n\n<p class=\"wp-block-paragraph\">Zu den personenbezogenen Daten, die diese Website selbstst\u00e4ndig oder durch Dritte verarbeitet, geh\u00f6ren: Nutzungsdaten; Tracker.<\/p>\n\n\n\n<p class=\"wp-block-paragraph\">Vollst\u00e4ndige Details zu jeder Art von verarbeiteten personenbezogenen Daten werden in den daf\u00fcr vorgesehenen Abschnitten dieser Datenschutzerkl\u00e4rung oder punktuell durch Erkl\u00e4rungstexte bereitgestellt, die vor der Datenerhebung angezeigt werden.<br>Personenbezogene Daten k\u00f6nnen vom Nutzer freiwillig angegeben oder, im Falle von Nutzungsdaten, automatisch erhoben werden, wenn diese Website genutzt wird.<br>Sofern nicht anders angegeben, ist die Angabe aller durch diese Website angeforderten Daten obligatorisch. Weigert sich der Nutzer, die Daten anzugeben, kann dies dazu f\u00fchren, dass diese Website dem Nutzer ihre Dienste nicht zur Verf\u00fcgung stellen kann. In F\u00e4llen, in denen diese Website die Angabe personenbezogener Daten ausdr\u00fccklich als freiwillig bezeichnet, d\u00fcrfen sich die Nutzer daf\u00fcr entscheiden, diese Daten ohne jegliche Folgen f\u00fcr die Verf\u00fcgbarkeit oder die Funktionsf\u00e4higkeit des Dienstes nicht anzugeben.<br>Nutzer, die sich dar\u00fcber im Unklaren sind, welche personenbezogenen Daten obligatorisch sind, k\u00f6nnen sich an den Anbieter wenden.<br>Jegliche Verwendung von Cookies \u2013 oder anderer Tracking-Tools \u2013 durch diese Website oder Anbieter von Drittdiensten, die durch diese Website eingesetzt werden, dient dem Zweck, den vom Nutzer gew\u00fcnschten Dienst zu erbringen, und allen anderen Zwecken, die im vorliegenden Dokumentund in der Cookie-Richtlinie beschrieben sind.<\/p>\n\n\n\n<p class=\"wp-block-paragraph\">Die Nutzer sind f\u00fcr alle personenbezogenen Daten Dritter verantwortlich, die durch diese Website beschafft, ver\u00f6ffentlicht oder weitergegeben werden.<\/p>\n\n\n\n<h2 class=\"wp-block-heading\" id=\"place_of_processing\">Art und Ort der Datenverarbeitung<\/h2>\n\n\n\n<h3 class=\"wp-block-heading\">Verarbeitungsmethoden<\/h3>\n\n\n\n<p class=\"wp-block-paragraph\">Der Anbieter verarbeitet die Nutzerdaten auf ordnungsgem\u00e4\u00dfe Weise und ergreift angemessene Sicherheitsma\u00dfnahmen, um den unbefugten Zugriff und die unbefugte Weiterleitung, Ver\u00e4nderung oder Vernichtung von Daten zu vermeiden.<br>Die Datenverarbeitung wird mittels Computern oder IT-basierten Systemen nach organisatorischen Verfahren und Verfahrensweisen durchgef\u00fchrt, die gezielt auf die angegebenen Zwecke abstellen. Zus\u00e4tzlich zum Verantwortlichen k\u00f6nnten auch andere Personen intern (Personalverwaltung, Vertrieb, Marketing, Rechtsabteilung, Systemadministratoren) oder extern \u2013 und in dem Fall soweit erforderlich, vom Verantwortlichen als Auftragsverarbeiter benannt (wie Anbieter technischer Dienstleistungen, Zustellunternehmen, Hosting-Anbieter, IT-Unternehmen oder Kommunikationsagenturen) &#8211; diese Website betreiben und damit Zugriff auf die Daten haben. Eine aktuelle Liste dieser Beteiligten kann jederzeit vom Anbieter verlangt werden.<\/p>\n\n\n\n<h3 class=\"wp-block-heading\">Ort<\/h3>\n\n\n\n<p class=\"wp-block-paragraph\">Die Daten werden in der Niederlassung des Anbieters und an allen anderen Orten, an denen sich die an der Datenverarbeitung beteiligten Stellen befinden, verarbeitet.<br><br>Je nach Standort der Nutzer k\u00f6nnen Daten\u00fcbertragungen die \u00dcbertragung der Daten des Nutzers in ein anderes Land als das eigene beinhalten. Um mehr \u00fcber den Ort der Verarbeitung der \u00fcbermittelten Daten zu erfahren, k\u00f6nnen die Nutzer den Abschnitt mit den ausf\u00fchrlichen Angaben zur Verarbeitung der personenbezogenen Daten konsultieren.<\/p>\n\n\n\n<h3 class=\"wp-block-heading\">Speicherdauer<\/h3>\n\n\n\n<p class=\"wp-block-paragraph\">Sofern in diesem Dokument nicht anderweitig festgelegt, werden personenbezogene Daten so lange verarbeitet und gespeichert, wie es der Zweck erfordert, zu dem sie erhoben wurden, und k\u00f6nnen ggf. aufgrund einer zu erf\u00fcllenden rechtlichen Verpflichtung oder basierend auf der Einwilligung des Nutzers auch l\u00e4nger aufbewahrt werden.<\/p>\n\n\n\n<h2 class=\"wp-block-heading\" id=\"use_collected_data\">Zwecke der Verarbeitung<\/h2>\n\n\n\n<p class=\"wp-block-paragraph\">Personenbezogene Daten \u00fcber den Nutzer werden erhoben, damit der Anbieter den Dienst erbringen und des Weiteren seinen gesetzlichen Verpflichtungen nachkommen, auf Durchsetzungsforderungen reagieren, seine Rechte und Interessen (oder die der Nutzer oder Dritter) sch\u00fctzen, b\u00f6swillige oder betr\u00fcgerische Aktivit\u00e4ten aufdecken kann. Dar\u00fcber hinaus werden Daten zu folgenden Zwecken erhoben: Interaktion mit externen sozialen Netzwerken und Plattformen und Anzeigen von Inhalten externer Plattformen.<\/p>\n\n\n\n<p class=\"wp-block-paragraph\">Nutzer k\u00f6nnen im Abschnitt \u201cAusf\u00fchrliche Angaben \u00fcber die Verarbeitung personenbezogener Daten\u201d dieses Dokuments weitere detaillierte Informationen zu diesen Verarbeitungszwecken und die zu den f\u00fcr den jeweiligen Zweck verwendeten personenbezogenen Daten vorfinden.<\/p>\n\n\n\n<h2 class=\"wp-block-heading\" id=\"data_processing_detailed_info\">Ausf\u00fchrliche Angaben \u00fcber die Verarbeitung personenbezogener Daten<\/h2>\n\n\n\n<p class=\"wp-block-paragraph\">Personenbezogene Daten werden zu folgenden Zwecken unter Inanspruchnahme folgender Dienstleistungen erhoben:<\/p>\n\n\n\n<ul class=\"wp-block-list\">\n<li>Anzeigen von Inhalten externer Plattformen<\/li>\n\n\n\n<li>Interaktion mit externen sozialen Netzwerken und Plattformen<\/li>\n<\/ul>\n\n\n\n<h2 class=\"wp-block-heading\" id=\"cookie_policy\">Cookie-Richtlinie<\/h2>\n\n\n\n<p class=\"wp-block-paragraph\">Diese Website verwendet Tracker. Weitere Informationen ergeben sich aus der <a href=\"https:\/\/www.iubenda.com\/privacy-policy\/11890839\/cookie-policy?ifr=true&amp;height=365&amp;newmarkup=yes&amp;an=no\">Cookie-Richtlinie<\/a>.<\/p>\n\n\n\n<h2 class=\"wp-block-heading\" id=\"cookie_policy_further_information\">Weitere Informationen f\u00fcr Nutzer in der Europ\u00e4ischen Union<\/h2>\n\n\n\n<p class=\"wp-block-paragraph\" id=\"gdpr_info\">Dieser Abschnitt gilt f\u00fcr alle Nutzer in der Europ\u00e4ischen Union gem\u00e4\u00df der Allgemeinen Datenschutzverordnung (GDPR&#187;) und ersetzt f\u00fcr diese Nutzer alle anderen m\u00f6glicherweise abweichenden oder widerspr\u00fcchlichen Informationen in der Datenschutzerkl\u00e4rung. Weitere Einzelheiten zu den verarbeiteten Datenkategorien, den Zwecken der Verarbeitung, den Kategorien von Empf\u00e4ngern der personenbezogenen Daten, falls vorhanden, und weitere Informationen \u00fcber personenbezogene Daten finden Sie im <strong>Abschnitt &#171;Detaillierte Informationen \u00fcber die Verarbeitung personenbezogener Daten&#187; in diesem Dokument<\/strong>.<\/p>\n\n\n\n<h3 class=\"wp-block-heading\">Rechtsgrundlagen der Verarbeitung<\/h3>\n\n\n\n<p class=\"wp-block-paragraph\">Der Anbieter darf personenbezogene Daten von Nutzern nur dann verarbeiten, wenn einer der folgenden Punkte zutrifft:<\/p>\n\n\n\n<ul class=\"wp-block-list\">\n<li>Die Nutzer haben ihre Einwilligung f\u00fcr einen oder mehrere bestimmte Zwecke erteilt.<\/li>\n\n\n\n<li>die Datenerhebung ist f\u00fcr die Erf\u00fcllung eines Vertrages mit dem Nutzer und\/oder f\u00fcr vorvertragliche Ma\u00dfnahmen daraus erforderlich;<\/li>\n\n\n\n<li>die Verarbeitung ist f\u00fcr die Erf\u00fcllung einer rechtlichen Verpflichtung, der der Anbieter unterliegt, erforderlich;<\/li>\n\n\n\n<li>die Verarbeitung steht im Zusammenhang mit einer Aufgabe, die im \u00f6ffentlichen Interesse oder in Aus\u00fcbung hoheitlicher Befugnisse, die dem Anbieter \u00fcbertragen wurden, durchgef\u00fchrt wird;<\/li>\n\n\n\n<li>die Verarbeitung ist zur Wahrung der berechtigten Interessen des Anbieters oder eines Dritten erforderlich.<\/li>\n<\/ul>\n\n\n\n<p class=\"wp-block-paragraph\">In jedem Fall erteilt der Anbieter gerne Auskunft \u00fcber die konkrete Rechtsgrundlage, auf der die Verarbeitung beruht, insbesondere dar\u00fcber, ob die Angabe personenbezogener Daten eine gesetzliche oder vertragliche Verpflichtung oder eine Voraussetzung f\u00fcr den Abschluss eines Vertrages ist.<\/p>\n\n\n\n<h3 class=\"wp-block-heading\">Weitere Informationen zur Speicherdauer<\/h3>\n\n\n\n<p class=\"wp-block-paragraph\">Sofern in diesem Dokument nicht anderweitig festgelegt, werden personenbezogene Daten so lange verarbeitet und gespeichert, wie es der Zweck erfordert, zu dem sie erhoben wurden, und k\u00f6nnen ggf. aufgrund einer zu erf\u00fcllenden rechtlichen Verpflichtung oder basierend auf der Einwilligung des Nutzers auch l\u00e4nger aufbewahrt werden.<\/p>\n\n\n\n<p class=\"wp-block-paragraph\">Daher gilt:<\/p>\n\n\n\n<ul class=\"wp-block-list\">\n<li>Personenbezogene Daten, die zu Zwecken der Erf\u00fcllung eines zwischen dem Anbieter und dem Nutzer geschlossenen Vertrages erhoben werden, werden bis zur vollst\u00e4ndigen Erf\u00fcllung dieses Vertrages gespeichert.<\/li>\n\n\n\n<li>Personenbezogene Daten, die zur Wahrung der berechtigten Interessen des Anbieters erhoben werden, werden so lange aufbewahrt, wie es zur Erf\u00fcllung dieser Zwecke erforderlich ist. Nutzer k\u00f6nnen n\u00e4here Informationen \u00fcber die berechtigten Interessen des Anbieters in den entsprechenden Abschnitten dieses Dokuments oder durch Kontaktaufnahme zum Anbieter erhalten.<\/li>\n<\/ul>\n\n\n\n<p class=\"wp-block-paragraph\">Dar\u00fcber hinaus ist es dem Anbieter gestattet, personenbezogene Daten f\u00fcr einen l\u00e4ngeren Zeitraum zu speichern, wenn der Nutzer in eine solche Verarbeitung eingewilligt hat, solange die Einwilligung nicht widerrufen wird. Dar\u00fcber hinaus kann der Anbieter verpflichtet sein, personenbezogene Daten f\u00fcr einen l\u00e4ngeren Zeitraum aufzubewahren, wenn dies zur Erf\u00fcllung einer gesetzlichen Verpflichtung oder auf Anordnung einer Beh\u00f6rde erforderlich ist.<br><br>Nach Ablauf der Aufbewahrungsfrist werden personenbezogene Daten gel\u00f6scht. Daher k\u00f6nnen das Auskunftsrecht, das Recht auf L\u00f6schung, das Recht auf Berichtigung und das Recht auf Daten\u00fcbertragbarkeit nach Ablauf der Aufbewahrungsfrist nicht geltend gemacht werden.<\/p>\n\n\n\n<h3 class=\"wp-block-heading\" id=\"rights_subjects\">Die Rechte der Nutzer nach der Datenschutz-Grundverordnung (DSGVO)<\/h3>\n\n\n\n<p class=\"wp-block-paragraph\">Die Nutzer k\u00f6nnen bestimmte Rechte in Bezug auf ihre vom Anbieter verarbeiteten Daten aus\u00fcben.<\/p>\n\n\n\n<p class=\"wp-block-paragraph\">Nutzer haben im gesetzlich zul\u00e4ssigen Umfang insbesondere das Recht, Folgendes zu tun:<\/p>\n\n\n\n<ul class=\"wp-block-list\">\n<li><strong>Die Einwilligungen jederzeit widerrufen.<\/strong> Hat der Nutzer zuvor in die Verarbeitung personenbezogener Daten eingewilligt, so kann er die eigene Einwilligung jederzeit widerrufen.<\/li>\n\n\n\n<li><strong>Widerspruch gegen die Verarbeitung ihrer Daten einlegen.<\/strong> Der Nutzer hat das Recht, der Verarbeitung seiner Daten zu widersprechen, wenn die Verarbeitung auf einer anderen Rechtsgrundlage als der Einwilligung erfolgt.<\/li>\n\n\n\n<li><strong>Auskunft bez\u00fcglich ihrer Daten erhalten.<\/strong> Der Nutzer hat das Recht zu erfahren, ob die Daten vom Anbieter verarbeitet werden, \u00fcber einzelne Aspekte der Verarbeitung Auskunft zu erhalten und eine Kopie der Daten zu erhalten.<\/li>\n\n\n\n<li><strong>\u00dcberpr\u00fcfen und berichtigen lassen.<\/strong> Der Nutzer hat das Recht, die Richtigkeit seiner Daten zu \u00fcberpr\u00fcfen und deren Aktualisierung oder Berichtigung zu verlangen.<\/li>\n\n\n\n<li><strong>Einschr\u00e4nkung der Verarbeitung ihrer Daten verlangen.<\/strong> Die Nutzer haben das Recht, die Verarbeitung ihrer Daten einzuschr\u00e4nken. In diesem Fall wird der Anbieter die Daten zu keinem anderen Zweck als der Speicherung verarbeiten.<\/li>\n\n\n\n<li><strong>L\u00f6schung oder anderweitiges Entfernen der personenbezogenen Daten verlangen.<\/strong> Die Nutzer haben das Recht, vom Anbieter die L\u00f6schung ihrer Daten zu verlangen.<\/li>\n\n\n\n<li><strong>Ihre Daten erhalten und an einen anderen Verantwortlichen \u00fcbertragen lassen.<\/strong> Der Nutzer hat das Recht, seine Daten in einem strukturierten, g\u00e4ngigen und maschinenlesbaren Format zu erhalten und, sofern technisch m\u00f6glich, ungehindert an einen anderen Verantwortlichen \u00fcbermitteln zu lassen.<\/li>\n\n\n\n<li><strong>Beschwerde einreichen.<\/strong> Die Nutzer haben das Recht, eine Beschwerde bei der zust\u00e4ndigen Aufsichtsbeh\u00f6rde einzureichen.<\/li>\n<\/ul>\n\n\n\n<p class=\"wp-block-paragraph\">Die Nutzer haben auch das Recht, sich \u00fcber die Rechtsgrundlage der Daten\u00fcbermittlung ins Ausland oder an eine internationale Organisation, die dem V\u00f6lkerrecht unterliegt oder von zwei oder mehr L\u00e4ndern gegr\u00fcndet wurde, wie beispielsweise die UNO, sowie sich \u00fcber die vom Anbieter ergriffenen Sicherheitsma\u00dfnahmen zum Schutz ihrer Daten aufkl\u00e4ren zu lassen.<\/p>\n\n\n\n<h4 class=\"wp-block-heading\">Details zum Widerspruchsrecht bez\u00fcglich der Verarbeitung<\/h4>\n\n\n\n<p class=\"wp-block-paragraph\"><strong>Werden personenbezogene Daten im \u00f6ffentlichen Interesse, in Aus\u00fcbung eines dem Anbieter \u00fcbertragenen hoheitlichen Befugnisses oder zur Wahrung der berechtigten Interessen des Anbieters verarbeitet, kann der Nutzer dieser Verarbeitung widersprechen, indem er einen Rechtfertigungsgrund angibt, der sich auf seine besondere Situation bezieht.<\/strong><\/p>\n\n\n\n<p class=\"wp-block-paragraph\"><strong>Nutzer werden dar\u00fcber informiert, dass sie der Verarbeitung der personenbezogenen Daten f\u00fcr Direktwerbung jederzeit unentgeltlich ohne Angabe von Gr\u00fcnden widersprechen k\u00f6nnen. Widerspricht der Nutzer der Verarbeitung f\u00fcr Zwecke der Direktwerbung, so werden die personenbezogenen Daten nicht mehr f\u00fcr diese Zwecke verarbeitet. Ob der Anbieter personenbezogene Daten f\u00fcr Direktwerbungszwecke verarbeitet, k\u00f6nnen die Nutzer den entsprechenden Abschnitten dieses Dokuments entnehmen.<\/strong><\/p>\n\n\n\n<h4 class=\"wp-block-heading\">Wie die Rechte ausge\u00fcbt werden k\u00f6nnen<\/h4>\n\n\n\n<p class=\"wp-block-paragraph\">Alle Anfragen zur Aus\u00fcbung der Nutzerrechte k\u00f6nnen \u00fcber die in diesem Dokument angegebenen Kontaktdaten an den Anbieter gerichtet werden. Diese Anfragen k\u00f6nnen kostenlos gestellt werden und werden vom Anbieter so fr\u00fch wie m\u00f6glich, sp\u00e4testens innerhalb eines Monats, beantwortet und den Nutzern die gesetzlich vorgeschriebenen Informationen zur Verf\u00fcgung gestellt. Jede Berichtigung oder L\u00f6schung personenbezogener Daten oder die Einschr\u00e4nkung der Verarbeitung teilt der Anbieter allen Empf\u00e4ngern, denen personenbezogene Daten offengelegt wurden, mit, falls es welche gibt. Es sei denn, dies erweist sich als unm\u00f6glich oder ist mit einem unverh\u00e4ltnism\u00e4\u00dfigen Aufwand verbunden. Der Anbieter unterrichtet den Nutzer \u00fcber diese Empf\u00e4nger, wenn der Nutzer dies verlangt.<\/p>\n\n\n\n<h2 class=\"wp-block-heading\" id=\"fadp_info\">Weitere Informationen f\u00fcr Nutzer in der Schweiz<\/h2>\n\n\n\n<p class=\"wp-block-paragraph\">Dieser Abschnitt gilt f\u00fcr Nutzer in der Schweiz und ersetzt f\u00fcr diese Nutzer alle anderen m\u00f6glicherweise abweichenden oder widerspr\u00fcchlichen Informationen in der Datenschutzerkl\u00e4rung.<\/p>\n\n\n\n<p class=\"wp-block-paragraph\">Weitere Einzelheiten zu den verarbeiteten Datenkategorien, den Zwecken der Verarbeitung, den Kategorien von Empf\u00e4ngern der personenbezogenen Daten, falls vorhanden, der Aufbewahrungsfrist und weiteren Informationen \u00fcber personenbezogene Daten finden Sie im <strong>Abschnitt &#171;Detaillierte Informationen \u00fcber die Verarbeitung personenbezogener Daten&#187; in diesem Dokument<\/strong>.<\/p>\n\n\n\n<h3 class=\"wp-block-heading\" id=\"fadp_info_description\">Die Rechte der Nutzer nach dem Schweizerischen Bundesgesetz \u00fcber den Datenschutz<\/h3>\n\n\n\n<p class=\"wp-block-paragraph\">Die Nutzer k\u00f6nnen im Rahmen der gesetzlichen Bestimmungen bestimmte Rechte in Bezug auf ihre Daten aus\u00fcben, darunter die folgenden:<\/p>\n\n\n\n<ul class=\"wp-block-list\">\n<li>Recht auf Zugang zu personenbezogenen Daten;<\/li>\n\n\n\n<li>das Recht, der Verarbeitung ihrer personenbezogenen Daten zu widersprechen (was es den Nutzern auch erm\u00f6glicht, die Einschr\u00e4nkung der Verarbeitung personenbezogener Daten, die L\u00f6schung oder Vernichtung personenbezogener Daten und das Verbot der Weitergabe bestimmter personenbezogener Daten an Dritte zu verlangen);<\/li>\n\n\n\n<li>das Recht, ihre personenbezogenen Daten zu erhalten und sie an einen anderen f\u00fcr die Verarbeitung Verantwortlichen zu \u00fcbermitteln (Daten\u00fcbertragbarkeit);<\/li>\n\n\n\n<li>das Recht, die Berichtigung unrichtiger personenbezogener Daten zu verlangen.<\/li>\n<\/ul>\n\n\n\n<h4 class=\"wp-block-heading\" id=\"fadp_how_to_exercise\">Wie man diese Rechte aus\u00fcbt<\/h4>\n\n\n\n<p class=\"wp-block-paragraph\">Alle Anfragen zur Aus\u00fcbung der Nutzerrechte k\u00f6nnen \u00fcber die in diesem Dokument angegebenen Kontaktdaten an den Eigent\u00fcmer gerichtet werden. Derartige Anfragen sind kostenlos und werden vom Eigent\u00fcmer so schnell wie m\u00f6glich beantwortet, wobei die Nutzer die gesetzlich vorgeschriebenen Informationen erhalten.<\/p>\n\n\n\n<h2 class=\"wp-block-heading\" id=\"further_data_processing_info\">Weitere Informationen \u00fcber die Erhebung und Verarbeitung von Daten<\/h2>\n\n\n\n<h3 class=\"wp-block-heading\">Rechtliche Ma\u00dfnahmen<\/h3>\n\n\n\n<p class=\"wp-block-paragraph\">Die personenbezogenen Daten des Nutzers k\u00f6nnen vom Anbieter zu Zwecken der Rechtsdurchsetzung innerhalb oder in Vorbereitung gerichtlicher Verfahren verarbeitet werden, die sich daraus ergeben, dass diese Website oder die dazugeh\u00f6rigen Dienste nicht ordnungsgem\u00e4\u00df genutzt wurden.<br>Der Nutzer erkl\u00e4rt, sich dessen bewusst zu sein, dass der Anbieter von den Beh\u00f6rden zur Herausgabe von personenbezogenen Daten verpflichtet werden k\u00f6nnte.<\/p>\n\n\n\n<h3 class=\"wp-block-heading\">Weitere Informationen \u00fcber die personenbezogenen Daten des Nutzers<\/h3>\n\n\n\n<p class=\"wp-block-paragraph\">Zus\u00e4tzlich zu den in dieser Datenschutzerkl\u00e4rung aufgef\u00fchrten Informationen kann diese Website dem Nutzer auf Anfrage weitere kontextbezogene Informationen zur Verf\u00fcgung stellen, die sich auf bestimmte Dienste oder auf die Erhebung und Verarbeitung personenbezogener Daten beziehen.<\/p>\n\n\n\n<h3 class=\"wp-block-heading\">Systemprotokolle und Wartung<\/h3>\n\n\n\n<p class=\"wp-block-paragraph\">Diese Website und die Dienste von Dritten k\u00f6nnen zu Betriebs- und Wartungszwecken Dateien erfassen, die die \u00fcber diese Website stattfindende Interaktion aufzeichnen (Systemprotokolle), oder andere personenbezogene Daten (z. B. IP-Adresse) zu diesem Zweck verwenden.<\/p>\n\n\n\n<h3 class=\"wp-block-heading\">Nicht in dieser Datenschutzerkl\u00e4rung enthaltene Informationen<\/h3>\n\n\n\n<p class=\"wp-block-paragraph\">Weitere Informationen \u00fcber die Erhebung oder Verarbeitung personenbezogener Daten k\u00f6nnen jederzeit vom Anbieter \u00fcber die aufgef\u00fchrten Kontaktangaben angefordert werden.<\/p>\n\n\n\n<h3 class=\"wp-block-heading\">\u00c4nderungen dieser Datenschutzerkl\u00e4rung<\/h3>\n\n\n\n<p class=\"wp-block-paragraph\">Der Anbieter beh\u00e4lt sich vor, jederzeit \u00c4nderungen an dieser Datenschutzerkl\u00e4rung vorzunehmen, indem Nutzer auf dieser Seite und gegebenenfalls \u00fcber diese Website und\/oder &#8211; soweit technisch und rechtlich m\u00f6glich \u2013 durch das Versenden einer Mitteilung \u00fcber dem Anbieter vorliegende Kontaktdaten der Nutzer informiert werden. Nutzern wird daher nahegelegt, diese Seite regelm\u00e4\u00dfig aufzurufen und insbesondere das am Seitenende angegebene Datum der letzten \u00c4nderung zu pr\u00fcfen.<br><br>Soweit \u00c4nderungen eine auf der Einwilligung des Nutzers basierte Datennutzung betreffen, so wird der Anbieter &#8211; soweit erforderlich &#8211; eine neue Einwilligung einholen.<\/p>\n\n\n\n<h3 class=\"wp-block-heading\" id=\"definitions_and_legal_references\">Begriffsbestimmungen und rechtliche Hinweise<\/h3>\n\n\n\n<p class=\"wp-block-paragraph\">Letzte Aktualisierung: 6. Juni 2024<\/p>\n","protected":false},"excerpt":{"rendered":"<p>Datenschutzerkl\u00e4rung von www.ifit.li Diese Website erhebt personenbezogene Daten von ihren Nutzern. Nutzer k\u00f6nnen unterschiedlichen Schutzstandards unterliegen, sodass f\u00fcr einige von ihnen umfassendere Standards anwendbar sein k\u00f6nnen. Nutzer k\u00f6nnen sich an den Anbieter wenden, um N\u00e4heres \u00fcber diese Standards zu erfahren. Dieses Dokument enth\u00e4lt einen Abschnitt \u00fcber die Nutzer in der Europ\u00e4ischen Union und ihre Datenschutzrechte.&hellip; <a class=\"more-link\" href=\"https:\/\/www.ifit.li\/?page_id=12169\">Continue reading <span class=\"screen-reader-text\">Datenschutzerkl\u00e4rung<\/span><\/a><\/p>\n","protected":false},"author":1,"featured_media":0,"parent":0,"menu_order":0,"comment_status":"closed","ping_status":"closed","template":"","meta":{"_crdt_document":"","footnotes":""},"class_list":["post-12169","page","type-page","status-publish","hentry","entry"],"_links":{"self":[{"href":"https:\/\/www.ifit.li\/index.php?rest_route=\/wp\/v2\/pages\/12169","targetHints":{"allow":["GET"]}}],"collection":[{"href":"https:\/\/www.ifit.li\/index.php?rest_route=\/wp\/v2\/pages"}],"about":[{"href":"https:\/\/www.ifit.li\/index.php?rest_route=\/wp\/v2\/types\/page"}],"author":[{"embeddable":true,"href":"https:\/\/www.ifit.li\/index.php?rest_route=\/wp\/v2\/users\/1"}],"replies":[{"embeddable":true,"href":"https:\/\/www.ifit.li\/index.php?rest_route=%2Fwp%2Fv2%2Fcomments&post=12169"}],"version-history":[{"count":4,"href":"https:\/\/www.ifit.li\/index.php?rest_route=\/wp\/v2\/pages\/12169\/revisions"}],"predecessor-version":[{"id":12215,"href":"https:\/\/www.ifit.li\/index.php?rest_route=\/wp\/v2\/pages\/12169\/revisions\/12215"}],"wp:attachment":[{"href":"https:\/\/www.ifit.li\/index.php?rest_route=%2Fwp%2Fv2%2Fmedia&parent=12169"}],"curies":[{"name":"wp","href":"https:\/\/api.w.org\/{rel}","templated":true}]}}